{"id":7153,"date":"2019-03-06T08:04:09","date_gmt":"2019-03-06T08:04:09","guid":{"rendered":"http:\/\/mallorcawalks.com\/?page_id=7153"},"modified":"2023-09-27T10:14:11","modified_gmt":"2023-09-27T10:14:11","slug":"politica-privacidad","status":"publish","type":"page","link":"https:\/\/mallorcawalks.com\/de\/politica-privacidad\/","title":{"rendered":"Datenschutzrichtlinie"},"content":{"rendered":"<p><strong>1. INFORMACI\u00d3N AL USUARIO<\/strong><\/p>\n<p><strong>\u00bfQui\u00e9n es el responsable del tratamiento de tus datos personales?<\/strong><br \/>\nHola, soy Josep Antoni Suau Oliver y soy el responsable del tratamiento de tus datos personales. Te informo que se tratar\u00e1n de conformidad con lo dispuesto en el Reglamento (UE) 2016\/679, de 27 de abril (GDPR), y la Ley Org\u00e1nica 3\/2018, de 5 de diciembre (LOPDGDD).<\/p>\n<p>Y aqu\u00ed te informo de todo:<\/p>\n<p><strong>\u00bfPara qu\u00e9 tengo tus datos? Finalidad:<\/strong> prestaci\u00f3n de mis servicios como gu\u00eda de monta\u00f1a profesional. Tambi\u00e9n para atender las solicitudes de contacto recibidas, tanto a trav\u00e9s de mi tel\u00e9fono (whatsapp), formulario de contacto web o correo electr\u00f3nico.<\/p>\n<p><strong>\u00bfPor qu\u00e9 puedo tener tus datos? Legitimaci\u00f3n del tratamiento:<\/strong><br \/>\nCumplimiento de contrato del que el interesado es parte. Es decir, ofrezco mis servicios como gu\u00eda de monta\u00f1a profesional a cambio de un precio (art\u00edculo 6.1.b RGPD).<br \/>\nY respecto a la gesti\u00f3n de mis canales de comunicaci\u00f3n, mi inter\u00e9s leg\u00edtimo (ejercicio de actividad profesional, prestar informaci\u00f3n sobre servicios de gu\u00eda de monta\u00f1a profesional -excursiones, horarios, precios, actividades, etc- en la atenci\u00f3n de solicitudes de informaci\u00f3n recibidas a trav\u00e9s del formulario de contacto de mallorcawalks.com<\/p>\n<p><strong>\u00bfC\u00faanto tiempo los conservo?<\/strong> Criterios de conservaci\u00f3n de los datos: cuatro a\u00f1os, que es el tiempo que debo conservar los datos disponibles de acuerdo con la normativa fiscal (datos de facturaci\u00f3n). Los datos de contacto para atender y contestar tu petici\u00f3n.<\/p>\n<p><strong>\u00bfSe los voy a dar a alguien? Comunicaci\u00f3n de los datos:<\/strong> no se comunicar\u00e1n los datos a terceros, salvo obligaci\u00f3n legal (inspecci\u00f3n tributaria, por ejemplo) o si fuera necesario para la prestaci\u00f3n de mis servicios.<\/p>\n<p><strong>\u00bfQu\u00e9r derechos tienes sobre tus datos? Derechos que asisten al Interesado:<br \/>\n<\/strong>&#8211; Derecho de acceso, rectificaci\u00f3n, portabilidad y supresi\u00f3n de sus datos y de limitaci\u00f3n u oposici\u00f3n a su tratamiento.<br \/>\n&#8211; Derecho a presentar una reclamaci\u00f3n ante la Autoridad de control (www.aepd.es) si consideras que el tratamiento no se ajusta a la normativa vigente.<\/p>\n<p><strong>Datos de contacto para ejercer sus derechos:<\/strong><br \/>\nJosep Antoni Suau Oliver. Calle Can\u00f3nigo Oliver, 9 3 A &#8211; 07108 S\u00f3ller (Illes Balears). E<br \/>\nhello@mallorkawalks.com<\/p>\n<p><strong>2. CAR\u00c1CTER OBLIGATORIO O FACULTATIVO DE LA INFORMACI\u00d3N FACILITADA POR EL USUARIO<\/strong><br \/>\nLos USUARIOS, mediante la marcaci\u00f3n de las casillas correspondientes y la entrada de datos en los campos, marcados con un asterisco (*) en el formulario de contacto o presentados en formularios de descarga, aceptan expresamente y de forma libre e inequ\u00edvoca, que sus datos son necesarios para atender su petici\u00f3n, por parte del prestador. El USUARIO garantiza que los datos personales facilitados al RESPONSABLE son veraces y se hace responsable de comunicar cualquier modificaci\u00f3n de los mismos.<\/p>\n<p>El RESPONSABLE informa de que todos los datos solicitados a trav\u00e9s del sitio web son obligatorios, ya que son necesarios para la prestaci\u00f3n de un servicio \u00f3ptimo al USUARIO. En caso de que no se faciliten todos los datos, no se garantiza que la informaci\u00f3n y servicios facilitados sean completamente ajustados a sus necesidades.<\/p>\n<p><strong>3. MEDIDAS DE SEGURIDAD<\/strong><br \/>\nQue de conformidad con lo dispuesto en las normativas vigentes en protecci\u00f3n de datos personales, el RESPONSABLE est\u00e1 cumpliendo con todas las disposiciones de las normativas GDPR y LOPDGDD para el tratamiento de los datos personales de su responsabilidad, y manifiestamente con los principios descritos en el art\u00edculo 5 del GDPR, por los cuales son tratados de manera l\u00edcita, leal y transparente en relaci\u00f3n con el interesado y adecuados, pertinentes y limitados a lo necesario en relaci\u00f3n con los fines para los que son tratados.<\/p>\n<p>El RESPONSABLE garantiza que ha implementado pol\u00edticas t\u00e9cnicas y organizativas apropiadas para aplicar las medidas de seguridad que establecen el GDPR y la LOPDGDD con el fin de proteger los derechos y libertades de los USUARIOS y les ha comunicado la informaci\u00f3n adecuada para que puedan ejercerlos.<\/p>\n<p>Para m\u00e1s informaci\u00f3n sobre las garant\u00edas de privacidad, puedes dirigirte al RESPONSABLE a trav\u00e9s de Josep Antoni Suau Oliver. Calle Can\u00f3nigo Oliver, 9 3 A &#8211; 07108 S\u00f3ller (Illes Balears). E-mail: hello@mallorcawalks.com<\/p>\n","protected":false},"excerpt":{"rendered":"<p>1. INFORMACI\u00d3N AL USUARIO \u00bfQui\u00e9n es el responsable del tratamiento de tus datos personales? Hola,&#8230;<\/p>\n","protected":false},"author":1,"featured_media":0,"parent":0,"menu_order":0,"comment_status":"closed","ping_status":"closed","template":"","meta":{"footnotes":""},"acf":[],"yoast_head":"<!-- This site is optimized with the Yoast SEO plugin v21.5 - https:\/\/yoast.com\/wordpress\/plugins\/seo\/ -->\n<title>Datenschutzrichtlinie - Mallorca Walks<\/title>\n<meta name=\"robots\" content=\"index, follow, max-snippet:-1, max-image-preview:large, max-video-preview:-1\" \/>\n<link rel=\"canonical\" href=\"https:\/\/mallorcawalks.com\/de\/politica-privacidad\/\" \/>\n<meta property=\"og:locale\" content=\"de_DE\" \/>\n<meta property=\"og:type\" content=\"article\" \/>\n<meta property=\"og:title\" content=\"Datenschutzrichtlinie - Mallorca Walks\" \/>\n<meta property=\"og:description\" content=\"1. INFORMACI\u00d3N AL USUARIO \u00bfQui\u00e9n es el responsable del tratamiento de tus datos personales? Hola,...\" \/>\n<meta property=\"og:url\" content=\"https:\/\/mallorcawalks.com\/de\/politica-privacidad\/\" \/>\n<meta property=\"og:site_name\" content=\"Mallorca Walks\" \/>\n<meta property=\"article:modified_time\" content=\"2023-09-27T10:14:11+00:00\" \/>\n<meta name=\"twitter:card\" content=\"summary_large_image\" \/>\n<meta name=\"twitter:label1\" content=\"Gesch\u00e4tzte Lesezeit\" \/>\n\t<meta name=\"twitter:data1\" content=\"1\u00a0Minute\" \/>\n<script type=\"application\/ld+json\" class=\"yoast-schema-graph\">{\"@context\":\"https:\/\/schema.org\",\"@graph\":[{\"@type\":\"WebPage\",\"@id\":\"https:\/\/mallorcawalks.com\/de\/politica-privacidad\/\",\"url\":\"https:\/\/mallorcawalks.com\/de\/politica-privacidad\/\",\"name\":\"Datenschutzrichtlinie - Mallorca Walks\",\"isPartOf\":{\"@id\":\"https:\/\/mallorcawalks.com\/#website\"},\"datePublished\":\"2019-03-06T08:04:09+00:00\",\"dateModified\":\"2023-09-27T10:14:11+00:00\",\"breadcrumb\":{\"@id\":\"https:\/\/mallorcawalks.com\/de\/politica-privacidad\/#breadcrumb\"},\"inLanguage\":\"de\",\"potentialAction\":[{\"@type\":\"ReadAction\",\"target\":[\"https:\/\/mallorcawalks.com\/de\/politica-privacidad\/\"]}]},{\"@type\":\"BreadcrumbList\",\"@id\":\"https:\/\/mallorcawalks.com\/de\/politica-privacidad\/#breadcrumb\",\"itemListElement\":[{\"@type\":\"ListItem\",\"position\":1,\"name\":\"Portada\",\"item\":\"https:\/\/mallorcawalks.com\/de\/\"},{\"@type\":\"ListItem\",\"position\":2,\"name\":\"Datenschutzrichtlinie\"}]},{\"@type\":\"WebSite\",\"@id\":\"https:\/\/mallorcawalks.com\/#website\",\"url\":\"https:\/\/mallorcawalks.com\/\",\"name\":\"Mallorca Walks\",\"description\":\"Senderismo en Mallorca\",\"potentialAction\":[{\"@type\":\"SearchAction\",\"target\":{\"@type\":\"EntryPoint\",\"urlTemplate\":\"https:\/\/mallorcawalks.com\/?s={search_term_string}\"},\"query-input\":\"required name=search_term_string\"}],\"inLanguage\":\"de\"}]}<\/script>\n<!-- \/ Yoast SEO plugin. -->","yoast_head_json":{"title":"Datenschutzrichtlinie - Mallorca Walks","robots":{"index":"index","follow":"follow","max-snippet":"max-snippet:-1","max-image-preview":"max-image-preview:large","max-video-preview":"max-video-preview:-1"},"canonical":"https:\/\/mallorcawalks.com\/de\/politica-privacidad\/","og_locale":"de_DE","og_type":"article","og_title":"Datenschutzrichtlinie - Mallorca Walks","og_description":"1. INFORMACI\u00d3N AL USUARIO \u00bfQui\u00e9n es el responsable del tratamiento de tus datos personales? Hola,...","og_url":"https:\/\/mallorcawalks.com\/de\/politica-privacidad\/","og_site_name":"Mallorca Walks","article_modified_time":"2023-09-27T10:14:11+00:00","twitter_card":"summary_large_image","twitter_misc":{"Gesch\u00e4tzte Lesezeit":"1\u00a0Minute"},"schema":{"@context":"https:\/\/schema.org","@graph":[{"@type":"WebPage","@id":"https:\/\/mallorcawalks.com\/de\/politica-privacidad\/","url":"https:\/\/mallorcawalks.com\/de\/politica-privacidad\/","name":"Datenschutzrichtlinie - Mallorca Walks","isPartOf":{"@id":"https:\/\/mallorcawalks.com\/#website"},"datePublished":"2019-03-06T08:04:09+00:00","dateModified":"2023-09-27T10:14:11+00:00","breadcrumb":{"@id":"https:\/\/mallorcawalks.com\/de\/politica-privacidad\/#breadcrumb"},"inLanguage":"de","potentialAction":[{"@type":"ReadAction","target":["https:\/\/mallorcawalks.com\/de\/politica-privacidad\/"]}]},{"@type":"BreadcrumbList","@id":"https:\/\/mallorcawalks.com\/de\/politica-privacidad\/#breadcrumb","itemListElement":[{"@type":"ListItem","position":1,"name":"Portada","item":"https:\/\/mallorcawalks.com\/de\/"},{"@type":"ListItem","position":2,"name":"Datenschutzrichtlinie"}]},{"@type":"WebSite","@id":"https:\/\/mallorcawalks.com\/#website","url":"https:\/\/mallorcawalks.com\/","name":"Mallorca Walks","description":"Senderismo en Mallorca","potentialAction":[{"@type":"SearchAction","target":{"@type":"EntryPoint","urlTemplate":"https:\/\/mallorcawalks.com\/?s={search_term_string}"},"query-input":"required name=search_term_string"}],"inLanguage":"de"}]}},"_links":{"self":[{"href":"https:\/\/mallorcawalks.com\/de\/wp-json\/wp\/v2\/pages\/7153"}],"collection":[{"href":"https:\/\/mallorcawalks.com\/de\/wp-json\/wp\/v2\/pages"}],"about":[{"href":"https:\/\/mallorcawalks.com\/de\/wp-json\/wp\/v2\/types\/page"}],"author":[{"embeddable":true,"href":"https:\/\/mallorcawalks.com\/de\/wp-json\/wp\/v2\/users\/1"}],"replies":[{"embeddable":true,"href":"https:\/\/mallorcawalks.com\/de\/wp-json\/wp\/v2\/comments?post=7153"}],"version-history":[{"count":4,"href":"https:\/\/mallorcawalks.com\/de\/wp-json\/wp\/v2\/pages\/7153\/revisions"}],"predecessor-version":[{"id":11354,"href":"https:\/\/mallorcawalks.com\/de\/wp-json\/wp\/v2\/pages\/7153\/revisions\/11354"}],"wp:attachment":[{"href":"https:\/\/mallorcawalks.com\/de\/wp-json\/wp\/v2\/media?parent=7153"}],"curies":[{"name":"wp","href":"https:\/\/api.w.org\/{rel}","templated":true}]}}