{"id":11360,"date":"2023-09-27T10:22:02","date_gmt":"2023-09-27T10:22:02","guid":{"rendered":"https:\/\/mallorcawalks.com\/?page_id=11360"},"modified":"2023-09-27T10:22:02","modified_gmt":"2023-09-27T10:22:02","slug":"cookies","status":"publish","type":"page","link":"https:\/\/mallorcawalks.com\/de\/cookies\/","title":{"rendered":"Cookies"},"content":{"rendered":"<p><strong>INFORMACI\u00d3N SOBRE COOKIES<\/strong><br \/>\nConforme con la Ley 34\/2002, de 11 de julio, de servicios de la sociedad de la informaci\u00f3n y de comercio electr\u00f3nico (LSSI), en relaci\u00f3n con el Reglamento (UE) 2016\/679 del Parlamento Europeo y del Consejo, de 27 de abril de 2016, General de Protecci\u00f3n de Datos (GDPR) y la Ley Org\u00e1nica 3\/2018, de 5 de diciembre, de Protecci\u00f3n de Datos y Garant\u00eda de los Derechos Digitales (LOPDGDD), es obligado obtener el consentimiento expreso del usuario de todas las p\u00e1ginas web que usan cookies prescindibles, antes de que este navegue por ellas.<\/p>\n<p><strong>\u00bfQU\u00c9 SON LAS COOKIES?<\/strong><br \/>\nLas cookies y otras tecnolog\u00edas similares tales como local shared objects, flash cookies o p\u00edxeles, son herramientas empleadas por los servidores Web para almacenar y recuperar informaci\u00f3n acerca de sus visitantes, as\u00ed como para ofrecer un correcto funcionamiento del sitio.<\/p>\n<p>Mediante el uso de estos dispositivos se permite al servidor Web recordar algunos datos concernientes al usuario, como sus preferencias para la visualizaci\u00f3n de las p\u00e1ginas de ese servidor, nombre y contrase\u00f1a, productos que m\u00e1s le interesan, etc.<\/p>\n<p><strong>COOKIES AFECTADAS POR LA NORMATIVA Y COOKIES EXCEPTUADAS<\/strong><br \/>\nSeg\u00fan la directiva de la UE, las cookies que requieren el consentimiento informado por parte del usuario son las cookies de anal\u00edtica y las de publicidad y afiliaci\u00f3n, quedando exceptuadas las de car\u00e1cter t\u00e9cnico y las necesarias para el funcionamiento del sitio web o la prestaci\u00f3n de servicios expresamente solicitados por el usuario.<\/p>\n<p><strong>TIPOS DE COOKIES<\/strong><\/p>\n<p><strong>SEG\u00daN LA FINALIDAD<\/strong><br \/>\nCookies t\u00e9cnicas y funcionales: son aquellas que permiten al usuario la navegaci\u00f3n a trav\u00e9s de una p\u00e1gina web, plataforma o aplicaci\u00f3n y la utilizaci\u00f3n de las diferentes opciones o servicios que en ella existan.<\/p>\n<p>Cookies anal\u00edticas: son aquellas que permiten al responsable de las mismas el seguimiento y an\u00e1lisis del comportamiento de los usuarios de los sitios web a los que est\u00e1n vinculadas. La informaci\u00f3n recogida mediante este tipo de cookies se utiliza en la medici\u00f3n de la actividad de los sitios web, aplicaci\u00f3n o plataforma y para la elaboraci\u00f3n de perfiles de navegaci\u00f3n de los usuarios de dichos sitios, aplicaciones y plataformas, con el fin de introducir mejoras en funci\u00f3n del an\u00e1lisis de los datos de uso que hacen los usuarios del servicio.<\/p>\n<p>Cookies publicitarias: son aquellas que permiten la gesti\u00f3n, de la forma m\u00e1s eficaz posible, de los espacios publicitarios que, en su caso, el editor haya incluido en una p\u00e1gina web, aplicaci\u00f3n o plataforma desde la que presta el servicio solicitado en base a criterios como el contenido editado o la frecuencia en la que se muestran los anuncios.<\/p>\n<p>Cookies de publicidad comportamental: recogen informaci\u00f3n sobre las preferencias y elecciones personales del usuario (retargeting) para permitir la gesti\u00f3n, de la forma m\u00e1s eficaz posible, de los espacios publicitarios que, en su caso, el editor haya incluido en una p\u00e1gina web, aplicaci\u00f3n o plataforma desde la que presta el servicio solicitado.<\/p>\n<p>Cookies sociales: son establecidas por las plataformas de redes sociales en los servicios para permitirle compartir contenido con sus amigos y redes. Las plataformas de medios sociales tienen la capacidad de rastrear su actividad en l\u00ednea fuera de los Servicios. Esto puede afectar al contenido y los mensajes que ve en otros servicios que visita.<\/p>\n<p>Cookies de afiliados: permiten hacer un seguimiento de las visitas procedentes de otras webs, con las que el sitio web establece un contrato de afiliaci\u00f3n (empresas de afiliaci\u00f3n).<br \/>\nCookies de seguridad: almacenan informaci\u00f3n cifrada para evitar que los datos guardados en ellas sean vulnerables a ataques maliciosos de terceros.<\/p>\n<p><strong>SEG\u00daN LA PROPIEDAD<\/strong><br \/>\nCookies propias: son aquellas que se env\u00edan al equipo terminal del usuario desde un equipo o dominio gestionado por el propio editor y desde el que se presta el servicio solicitado por el usuario.<\/p>\n<p>Cookies de terceros: son aquellas que se env\u00edan al equipo terminal del usuario desde un equipo o dominio que no es gestionado por el editor, sino por otra entidad que trata los datos obtenidos trav\u00e9s de las cookies.<\/p>\n<p><strong>SEG\u00daN EL PLAZO DE CONSERVACI\u00d3N<\/strong><br \/>\nCookies de sesi\u00f3n: son un tipo de cookies dise\u00f1adas para recabar y almacenar datos mientras el usuario accede a una p\u00e1gina web.<\/p>\n<p>Cookies persistentes: son un tipo de cookies en el que los datos siguen almacenados en el terminal y pueden ser accedidos y tratados durante un per\u00edodo definido por el responsable de la cookie, y que puede ir de unos minutos a varios a\u00f1os.<\/p>\n<p><strong>TRATAMIENTO DE DATOS PERSONALES<\/strong><br \/>\nJosep Antoni Suau Oliver es el Responsable del tratamiento de los datos personales del Interesado y le informa de que estos datos ser\u00e1n tratados de conformidad con lo dispuesto en el Reglamento (UE) 2016\/679, de 27 de abril de 2016 (GDPR), por lo que se le facilita la siguiente informaci\u00f3n del tratamiento:<\/p>\n<p>Fines del tratamiento: seg\u00fan se especifica en el apartado de cookies que se utilizan en este sitio web.<br \/>\nLegitimaci\u00f3n del tratamiento: salvo en los casos en los que resulte necesario para la navegaci\u00f3n por la web, por consentimiento del interesado (art. 6.1 GDPR).<br \/>\nCriterios de conservaci\u00f3n de los datos: seg\u00fan se especifica en el apartado de cookies utilizadas en la web.<br \/>\nComunicaci\u00f3n de los datos: no se comunicar\u00e1n los datos a terceros, excepto en cookies propiedad de<br \/>\nterceros o por obligaci\u00f3n legal.<\/p>\n<p>Derechos que asisten al Interesado:<br \/>\n&#8211; Derecho a retirar el consentimiento en cualquier momento.<br \/>\n&#8211; Derecho de acceso, rectificaci\u00f3n, portabilidad y supresi\u00f3n de sus datos, y de limitaci\u00f3n u oposici\u00f3n a su tratamiento.<br \/>\n&#8211; Derecho a presentar una reclamaci\u00f3n ante la Autoridad de control (www.aepd.es) si considera que el tratamiento no se ajusta a la normativa vigente.<\/p>\n<p>Datos de contacto para ejercer sus derechos:<br \/>\nJosep Antoni Suau Oliver. Calle Can\u00f3nigo Oliver, 9 3 A &#8211; 07108 S\u00f3ller (Illes Balears). E-mail:<br \/>\nhello@mallorcawalks.com<\/p>\n<p><strong>COOKIES UTILIZADAS EN ESTE SITIO WEB<\/strong><br \/>\nCOOKIES CONTROLADAS POR EL EDITOR<br \/>\nT\u00e9cnicas y funcionales<br \/>\nPropiedad Cookie Finalidad Plazo<br \/>\ngoogle.com AEC Cookie necesaria para la utilizaci\u00f3n de las opciones y<br \/>\nservicios del sitio web en 6 meses<br \/>\ngoogle.com CONSENT Rastreador de consentimiento de cookies de Google en 14 a\u00f1os<br \/>\nmallorcawalks.com _ga_KYGCYNH66<br \/>\nP<br \/>\nCookie necesaria para la utilizaci\u00f3n de las opciones y<br \/>\nservicios del sitio web en un a\u00f1o<br \/>\nmallorcawalks.com _gat_gtag_UA_13<br \/>\n6341949_1<br \/>\nCookie necesaria para la utilizaci\u00f3n de las opciones y<br \/>\nservicios del sitio web Sesi\u00f3n<br \/>\nAnal\u00edticas<br \/>\nPropiedad Cookie Finalidad Plazo<br \/>\nmallorcawalks.com _ga ID utiliza para identificar a los usuarios en un a\u00f1o<br \/>\nmallorcawalks.com _gid ID utiliza para identificar a los usuarios durante 24 horas<br \/>\ndespu\u00e9s de la \u00faltima actividad en 22 horas<br \/>\nPublicitarias<br \/>\nPropiedad Cookie Finalidad Plazo<br \/>\ngoogle.com 1P_JAR<br \/>\nEstas cookies se establecen a trav\u00e9s de v\u00eddeos de youtube<br \/>\nincrustados. Registran los datos estad\u00edsticos an\u00f3nimos sobre,<br \/>\npor ejemplo, cu\u00e1ntas veces se reproduce el v\u00eddeo y las<br \/>\nconfiguraciones que se utilizan para la reproducci\u00f3n.<br \/>\nen un mes<br \/>\ngoogle.com DV<br \/>\nEstas cookies se utilizan para recopilar estad\u00edsticas del sitio<br \/>\nweb y rastrear las tasas de conversi\u00f3n y la personalizaci\u00f3n de<br \/>\nanuncios de Google<br \/>\nSesi\u00f3n<br \/>\ngoogle.com NID<br \/>\nEstas cookies se utilizan para recopilar estad\u00edsticas del sitio<br \/>\nweb y rastrear las tasas de conversi\u00f3n y la personalizaci\u00f3n de<br \/>\nanuncios de Google<br \/>\nen 7 meses<br \/>\ngoogle.com OTZ An\u00e1lisis agregado de los visitantes del sitio en un mes<br \/>\nCOOKIES DE TERCEROS<br \/>\nLos servicios de terceros son ajenos al control del editor. Los proveedores pueden modificar en todo momento<br \/>\nsus condiciones de servicio, finalidad y utilizaci\u00f3n de las cookies, etc.<br \/>\nProveedores externos de este sitio web:<br \/>\nEditor Pol\u00edtica de privacidad<br \/>\nGoogle Analytics https:\/\/privacy.google.com\/take-control.html<br \/>\nJosep Antoni Suau Oliver<br \/>\n4<br \/>\nJosep Antoni Suau Oliver<br \/>\nCalle Can\u00f3nigo Oliver, 9 &#8211; 3 A 07108 S\u00f3ller (Illes Balears)<br \/>\nGoogle https:\/\/privacy.google.com\/take-control.html<br \/>\nPANEL DE CONFIGURACI\u00d3N DE COOKIES<br \/>\nDesde este panel podr\u00e1 configurar las cookies que el sitio web puede instalar en su navegador, excepto las<br \/>\ncookies t\u00e9cnicas o funcionales que son necesarias para la navegaci\u00f3n y la utilizaci\u00f3n de las diferentes<br \/>\nopciones o servicios que se ofrecen.<br \/>\nPanel de cookies<br \/>\nC\u00d3MO GESTIONAR LAS COOKIES DESDE EL NAVEGADOR<br \/>\nEliminar las cookies del<br \/>\ndispositivo<br \/>\nLas cookies que ya est\u00e1n en un dispositivo se pueden eliminar borrando el historial del<br \/>\nnavegador, con lo que se suprimen las cookies de todos los sitios web visitados.<br \/>\nSin embargo, tambi\u00e9n se puede perder parte de la informaci\u00f3n guardada (por ejemplo,<br \/>\nlos datos de inicio de sesi\u00f3n o las preferencias de sitio web).<br \/>\nGestionar las cookies espec\u00edficas<br \/>\ndel sitio<br \/>\nPara tener un control m\u00e1s preciso de las cookies espec\u00edficas de cada sitio, los usuarios<br \/>\npueden ajustar su configuraci\u00f3n de privacidad y cookies en el navegador.<br \/>\nBloquear las cookies<br \/>\nAunque la mayor\u00eda de los navegadores modernos se pueden configurar para evitar que<br \/>\nse instalen cookies en los dispositivos, eso puede obligar al ajuste manual de<br \/>\ndeterminadas preferencias cada vez que se visite un sitio o p\u00e1gina. Adem\u00e1s, algunos<br \/>\nservicios y caracter\u00edsticas pueden no funcionar correctamente (por ejemplo, los inicios de<br \/>\nsesi\u00f3n con perfil).<\/p>\n<p><strong>C\u00d3MO ELIMINAR LAS COOKIES DE LOS NAVEGADORES M\u00c1S COMUNES<\/strong><br \/>\nChrome http:\/\/support.google.com\/chrome\/answer\/95647?hl=es<br \/>\nEdge https:\/\/support.microsoft.com\/es-es\/microsoft-edge\/eliminar-las-cookies-en-microsoft-edge-63947406-40ac-c3b8-57b9-2a946a29ae09<br \/>\nExplorer https:\/\/support.microsoft.com\/es-es\/help\/278835\/how-to-delete-cookie-files-in-internet-explorer<br \/>\nFirefox https:\/\/www.mozilla.org\/es-ES\/privacy\/websites\/#cookies<br \/>\nSafari https:\/\/support.apple.com\/es-es\/guide\/safari\/sfri11471\/mac<br \/>\nOpera https:\/\/help.opera.com\/en\/latest\/security-and-privacy\/#clearBrowsingData<\/p>\n","protected":false},"excerpt":{"rendered":"<p>INFORMACI\u00d3N SOBRE COOKIES Conforme con la Ley 34\/2002, de 11 de julio, de servicios de&#8230;<\/p>\n","protected":false},"author":1,"featured_media":0,"parent":0,"menu_order":0,"comment_status":"closed","ping_status":"closed","template":"","meta":{"footnotes":""},"acf":[],"yoast_head":"<!-- This site is optimized with the Yoast SEO plugin v21.5 - https:\/\/yoast.com\/wordpress\/plugins\/seo\/ -->\n<title>Cookies - Mallorca Walks<\/title>\n<meta name=\"robots\" content=\"index, follow, max-snippet:-1, max-image-preview:large, max-video-preview:-1\" \/>\n<link rel=\"canonical\" href=\"https:\/\/mallorcawalks.com\/de\/cookies\/\" \/>\n<meta property=\"og:locale\" content=\"de_DE\" \/>\n<meta property=\"og:type\" content=\"article\" \/>\n<meta property=\"og:title\" content=\"Cookies - Mallorca Walks\" \/>\n<meta property=\"og:description\" content=\"INFORMACI\u00d3N SOBRE COOKIES Conforme con la Ley 34\/2002, de 11 de julio, de servicios de...\" \/>\n<meta property=\"og:url\" content=\"https:\/\/mallorcawalks.com\/de\/cookies\/\" \/>\n<meta property=\"og:site_name\" content=\"Mallorca Walks\" \/>\n<meta name=\"twitter:card\" content=\"summary_large_image\" \/>\n<meta name=\"twitter:label1\" content=\"Gesch\u00e4tzte Lesezeit\" \/>\n\t<meta name=\"twitter:data1\" content=\"3\u00a0Minuten\" \/>\n<script type=\"application\/ld+json\" class=\"yoast-schema-graph\">{\"@context\":\"https:\/\/schema.org\",\"@graph\":[{\"@type\":\"WebPage\",\"@id\":\"https:\/\/mallorcawalks.com\/de\/cookies\/\",\"url\":\"https:\/\/mallorcawalks.com\/de\/cookies\/\",\"name\":\"Cookies - Mallorca Walks\",\"isPartOf\":{\"@id\":\"https:\/\/mallorcawalks.com\/#website\"},\"datePublished\":\"2023-09-27T10:22:02+00:00\",\"dateModified\":\"2023-09-27T10:22:02+00:00\",\"breadcrumb\":{\"@id\":\"https:\/\/mallorcawalks.com\/de\/cookies\/#breadcrumb\"},\"inLanguage\":\"de\",\"potentialAction\":[{\"@type\":\"ReadAction\",\"target\":[\"https:\/\/mallorcawalks.com\/de\/cookies\/\"]}]},{\"@type\":\"BreadcrumbList\",\"@id\":\"https:\/\/mallorcawalks.com\/de\/cookies\/#breadcrumb\",\"itemListElement\":[{\"@type\":\"ListItem\",\"position\":1,\"name\":\"Portada\",\"item\":\"https:\/\/mallorcawalks.com\/de\/\"},{\"@type\":\"ListItem\",\"position\":2,\"name\":\"Cookies\"}]},{\"@type\":\"WebSite\",\"@id\":\"https:\/\/mallorcawalks.com\/#website\",\"url\":\"https:\/\/mallorcawalks.com\/\",\"name\":\"Mallorca Walks\",\"description\":\"Senderismo en Mallorca\",\"potentialAction\":[{\"@type\":\"SearchAction\",\"target\":{\"@type\":\"EntryPoint\",\"urlTemplate\":\"https:\/\/mallorcawalks.com\/?s={search_term_string}\"},\"query-input\":\"required name=search_term_string\"}],\"inLanguage\":\"de\"}]}<\/script>\n<!-- \/ Yoast SEO plugin. -->","yoast_head_json":{"title":"Cookies - Mallorca Walks","robots":{"index":"index","follow":"follow","max-snippet":"max-snippet:-1","max-image-preview":"max-image-preview:large","max-video-preview":"max-video-preview:-1"},"canonical":"https:\/\/mallorcawalks.com\/de\/cookies\/","og_locale":"de_DE","og_type":"article","og_title":"Cookies - Mallorca Walks","og_description":"INFORMACI\u00d3N SOBRE COOKIES Conforme con la Ley 34\/2002, de 11 de julio, de servicios de...","og_url":"https:\/\/mallorcawalks.com\/de\/cookies\/","og_site_name":"Mallorca Walks","twitter_card":"summary_large_image","twitter_misc":{"Gesch\u00e4tzte Lesezeit":"3\u00a0Minuten"},"schema":{"@context":"https:\/\/schema.org","@graph":[{"@type":"WebPage","@id":"https:\/\/mallorcawalks.com\/de\/cookies\/","url":"https:\/\/mallorcawalks.com\/de\/cookies\/","name":"Cookies - Mallorca Walks","isPartOf":{"@id":"https:\/\/mallorcawalks.com\/#website"},"datePublished":"2023-09-27T10:22:02+00:00","dateModified":"2023-09-27T10:22:02+00:00","breadcrumb":{"@id":"https:\/\/mallorcawalks.com\/de\/cookies\/#breadcrumb"},"inLanguage":"de","potentialAction":[{"@type":"ReadAction","target":["https:\/\/mallorcawalks.com\/de\/cookies\/"]}]},{"@type":"BreadcrumbList","@id":"https:\/\/mallorcawalks.com\/de\/cookies\/#breadcrumb","itemListElement":[{"@type":"ListItem","position":1,"name":"Portada","item":"https:\/\/mallorcawalks.com\/de\/"},{"@type":"ListItem","position":2,"name":"Cookies"}]},{"@type":"WebSite","@id":"https:\/\/mallorcawalks.com\/#website","url":"https:\/\/mallorcawalks.com\/","name":"Mallorca Walks","description":"Senderismo en Mallorca","potentialAction":[{"@type":"SearchAction","target":{"@type":"EntryPoint","urlTemplate":"https:\/\/mallorcawalks.com\/?s={search_term_string}"},"query-input":"required name=search_term_string"}],"inLanguage":"de"}]}},"_links":{"self":[{"href":"https:\/\/mallorcawalks.com\/de\/wp-json\/wp\/v2\/pages\/11360"}],"collection":[{"href":"https:\/\/mallorcawalks.com\/de\/wp-json\/wp\/v2\/pages"}],"about":[{"href":"https:\/\/mallorcawalks.com\/de\/wp-json\/wp\/v2\/types\/page"}],"author":[{"embeddable":true,"href":"https:\/\/mallorcawalks.com\/de\/wp-json\/wp\/v2\/users\/1"}],"replies":[{"embeddable":true,"href":"https:\/\/mallorcawalks.com\/de\/wp-json\/wp\/v2\/comments?post=11360"}],"version-history":[{"count":1,"href":"https:\/\/mallorcawalks.com\/de\/wp-json\/wp\/v2\/pages\/11360\/revisions"}],"predecessor-version":[{"id":11370,"href":"https:\/\/mallorcawalks.com\/de\/wp-json\/wp\/v2\/pages\/11360\/revisions\/11370"}],"wp:attachment":[{"href":"https:\/\/mallorcawalks.com\/de\/wp-json\/wp\/v2\/media?parent=11360"}],"curies":[{"name":"wp","href":"https:\/\/api.w.org\/{rel}","templated":true}]}}